{"id":19,"date":"2014-01-21T21:40:10","date_gmt":"2014-01-21T21:40:10","guid":{"rendered":"http:\/\/www.josephpelllombardi.com\/?page_id=19"},"modified":"2023-01-09T16:47:40","modified_gmt":"2023-01-09T16:47:40","slug":"profile","status":"publish","type":"page","link":"https:\/\/josephpelllombardi.com\/?page_id=19","title":{"rendered":"profile"},"content":{"rendered":"<div id=\"attachment_1089\" style=\"width: 650px\" class=\"wp-caption alignright\"><img aria-describedby=\"caption-attachment-1089\" loading=\"lazy\" class=\"wp-image-1089 size-large\" src=\"http:\/\/www.josephpelllombardi.com\/wp-content\/uploads\/2014\/01\/2016-054_Joseph_Pell_Lombardi_0033-LowerRes-1024x768.jpg\" alt=\"Joseph Pell Lombardi by Mark Seliger\" width=\"640\" height=\"480\" srcset=\"https:\/\/josephpelllombardi.com\/wp-content\/uploads\/2014\/01\/2016-054_Joseph_Pell_Lombardi_0033-LowerRes-1024x768.jpg 1024w, https:\/\/josephpelllombardi.com\/wp-content\/uploads\/2014\/01\/2016-054_Joseph_Pell_Lombardi_0033-LowerRes-300x225.jpg 300w, https:\/\/josephpelllombardi.com\/wp-content\/uploads\/2014\/01\/2016-054_Joseph_Pell_Lombardi_0033-LowerRes-768x576.jpg 768w, https:\/\/josephpelllombardi.com\/wp-content\/uploads\/2014\/01\/2016-054_Joseph_Pell_Lombardi_0033-LowerRes.jpg 1500w\" sizes=\"(max-width: 640px) 100vw, 640px\" \/><p id=\"caption-attachment-1089\" class=\"wp-caption-text\">PHOTO BY MARK SELIGER<\/p><\/div>\n<p>With degrees in both Architecture (B. Arch.) and Historic Preservation (M.Sc.), Joseph Pell Lombardi established his firm in 1969 as one of the first to specialize in restoration, preservation, adaptive re-use and contextual new buildings. With offices in New York, France and Hungary, the Office of Joseph Pell Lombardi has served as architect for over 1,000 projects worldwide.<\/p>\n<p>His practice ranges from preservation projects, as in the conservation of a 12th century ch\u00e2teau in Andelat, France to large-scale adaptive re-use projects such as Liberty Tower, an early 20th century 33-story\u00a0Gothic skyscraper in New York City\u2019s Financial District converted to residential use. As both architect and principal, Mr. Lombardi\u2019s 1978 conversion of Liberty Tower introduced residential use to lower Manhattan.<\/p>\n<p>He has conserved and converted to residential use over 200 commercial buildings in Manhattan and has conserved and restored over 200 houses throughout the world. Current projects include conversion to residential use of a Midtown Manhattan tower, nine commercial buildings in SoHo and NoHo being converted to residential use and the creation of a new contextual residential tower on the Upper East Side of Manhattan.<\/p>\n<p>Mr. Lombardi owns many of the projects in which he is involved. \u00a0He is the owner of the National Historic Landmark, Armour-Stiner (Octagon) House, the only Roman temple form, domed octagonal house in the world and the first property to have been sold into private ownership by the National Trust for Historic Preservation. He also owns and is conserving several other major historic homes including Ch\u00e2teau du Sailhant, an early medieval ch\u00e2teau-fort in the Auvergne region of central France and Alfheim Lodge, a rustic, storybook lodge in the mountains north of New York City. Two of his homes, the Armour-Stiner (Octagon) House and Ch\u00e2teau du Sailhant, are seasonally opened to the public as house museums.<\/p>\n<p>Joseph Pell Lombardi served on the Venice Committee of the World Monuments Fund and was Chairman of the World Monuments Fund Founders Society. \u00a0He has served on many boards including the New York City Historic House Trust, the New York City Historic Districts Council, the National Trust for Historic Preservation \u2013 Lyndhurst Advisory Council\u00a0and the Zoning and Historic Preservation Committee for the Alliance for Downtown Manhattan. He is a member of Scenic Hudson and the Society of Architectural Historians.<\/p>\n<p>Joseph Pell Lombardi has received numerous awards including:<\/p>\n<p>1989 The National Trust for Historic Preservation Certificate of Appreciation;<br \/>\n1990 Victorian Society in America Preservation Award;<br \/>\n1991 Preservation League of New York State Achievement Award;<br \/>\n1993 New York City Landmarks Preservation Commission Certificate of Merit;<br \/>\n1993 City of New York, Department of General Services Professional Service Award;<br \/>\n1995 Municipal Art Society of New York Preservation Award;<br \/>\n2010 Irvington Historical Society \u2013 Restoration Honor Recognition;<br \/>\n2017 La M\u00e9daille Paul Harris Fellow &#8211; Rotary club de Saint-Flour, France;<br \/>\n2019 La M\u00e9daille, d\u2019argent du Tourism &#8211; Fran\u00e7aise Minist\u00e8re De L&#8217;Europe et des Affaires \u00c9trang\u00e8res;<br \/>\n2022 Lucy G. Moses Preservation Award &#8211; The New York Landmarks Conservancy<\/p>\n<p>Numerous articles have been published about his work and for many years he has given an annual lecture at Yale University&#8217;s School of Architecture.<\/p>\n<p>Containing architects, preservationists, architectural historians and construction and code specialists, the Office of\u00a0Joseph Pell Lombardi, Architect guides restoration,\u00a0preservation, adaptive re-use and contextual building projects from initial inception to completion, including economic feasibility studies, historic analyses, budget preparations, condition reports, forensic investigations, construction drawings, specifications and construction administration.<\/p>\n<p>To obtain appropriate approvals and certifications, the Office of Joseph Pell Lombardi, Architect, works with local, regional and governmental agencies throughout the world including the New York City Landmarks Preservation Commission, the New York City Department of City Planning, the New York City Board of Standards and Appeals, the United States National Park Service, State Historic Preservation Offices (SHPO), The French Conservation R\u00e9gionale des Monuments Historiques (CRMH) and the Hungarian National Board for the Protection of Historic Monuments (OMvH).<\/p>\n<p style=\"text-align: right;\">All rights reserved, Joseph Pell Lombardi Architect, 2022<\/p>\n","protected":false},"excerpt":{"rendered":"<p>With degrees in both Architecture (B. Arch.) and Historic Preservation (M.Sc.), Joseph Pell Lombardi established his firm in 1969 as one of the first to specialize in restoration, preservation, adaptive re-use and contextual new buildings. With offices in New York, France and Hungary, the Office of Joseph Pell Lombardi has served as architect for over [&hellip;]<\/p>\n","protected":false},"author":1,"featured_media":0,"parent":0,"menu_order":0,"comment_status":"closed","ping_status":"closed","template":"profile-page.php","meta":[],"acf":[],"_links":{"self":[{"href":"https:\/\/josephpelllombardi.com\/index.php?rest_route=\/wp\/v2\/pages\/19"}],"collection":[{"href":"https:\/\/josephpelllombardi.com\/index.php?rest_route=\/wp\/v2\/pages"}],"about":[{"href":"https:\/\/josephpelllombardi.com\/index.php?rest_route=\/wp\/v2\/types\/page"}],"author":[{"embeddable":true,"href":"https:\/\/josephpelllombardi.com\/index.php?rest_route=\/wp\/v2\/users\/1"}],"replies":[{"embeddable":true,"href":"https:\/\/josephpelllombardi.com\/index.php?rest_route=%2Fwp%2Fv2%2Fcomments&post=19"}],"version-history":[{"count":24,"href":"https:\/\/josephpelllombardi.com\/index.php?rest_route=\/wp\/v2\/pages\/19\/revisions"}],"predecessor-version":[{"id":1792,"href":"https:\/\/josephpelllombardi.com\/index.php?rest_route=\/wp\/v2\/pages\/19\/revisions\/1792"}],"wp:attachment":[{"href":"https:\/\/josephpelllombardi.com\/index.php?rest_route=%2Fwp%2Fv2%2Fmedia&parent=19"}],"curies":[{"name":"wp","href":"https:\/\/api.w.org\/{rel}","templated":true}]}}